{"id":9959,"date":"2025-03-25T17:20:42","date_gmt":"2025-03-25T16:20:42","guid":{"rendered":"https:\/\/axanabellard.com\/?page_id=9959"},"modified":"2025-03-26T09:11:45","modified_gmt":"2025-03-26T08:11:45","slug":"volontaire","status":"publish","type":"page","link":"https:\/\/axanabellard.org\/en\/volontaire\/","title":{"rendered":"Volontaire"},"content":{"rendered":"<div data-elementor-type=\"wp-page\" data-elementor-id=\"9959\" class=\"elementor elementor-9959\">\n\t\t\t\t<div class=\"elementor-element elementor-element-2dea331 e-con-full e-flex wpr-particle-no wpr-jarallax-no wpr-parallax-no wpr-sticky-section-no wpr-equal-height-no e-con e-parent\" data-id=\"2dea331\" data-element_type=\"container\" data-e-type=\"container\" data-settings=\"{&quot;background_background&quot;:&quot;classic&quot;}\">\n\t\t\t\t<\/div>\n\t\t<div class=\"elementor-element elementor-element-0fc2a2d e-con-full e-flex wpr-particle-no wpr-jarallax-no wpr-parallax-no wpr-sticky-section-no wpr-equal-height-no e-con e-parent\" data-id=\"0fc2a2d\" data-element_type=\"container\" data-e-type=\"container\">\n\t\t<div class=\"elementor-element elementor-element-00bc698 e-con-full e-flex wpr-particle-no wpr-jarallax-no wpr-parallax-no wpr-sticky-section-no wpr-equal-height-no e-con e-child\" data-id=\"00bc698\" data-element_type=\"container\" data-e-type=\"container\" data-settings=\"{&quot;background_background&quot;:&quot;classic&quot;}\">\n\t\t\t\t<div class=\"elementor-element elementor-element-04c1651 elementor-widget elementor-widget-formidable\" data-id=\"04c1651\" data-element_type=\"widget\" data-e-type=\"widget\" data-widget_type=\"formidable.default\">\n\t\t\t\t<div class=\"elementor-widget-container\">\n\t\t\t\t\t<div class=\"frm_forms  with_frm_style frm_style_style-formidable\" id=\"frm_form_2_container\" data-token=\"afbc64511716fc68f08f43705305856f\">\n<form enctype=\"multipart\/form-data\" method=\"post\" class=\"frm-show-form\" id=\"form_forme-volontaire\" data-token=\"afbc64511716fc68f08f43705305856f\" action=\"\">\n<div class=\"frm_form_fields\">\n<fieldset>\n<legend class=\"frm_screen_reader\">forme volontaire<\/legend>\n\n<div class=\"frm_fields_container\">\n<input type=\"hidden\" name=\"frm_action\" value=\"create\" \/>\n<input type=\"hidden\" name=\"form_id\" value=\"2\" \/>\n<input type=\"hidden\" name=\"frm_hide_fields_2\" id=\"frm_hide_fields_2\" value=\"\" \/>\n<input type=\"hidden\" name=\"form_key\" value=\"forme-volontaire\" \/>\n<input type=\"hidden\" name=\"item_meta[0]\" value=\"\" \/>\n<input type=\"hidden\" id=\"frm_submit_entry_2\" name=\"frm_submit_entry_2\" value=\"22f6d81a0b\" \/><input type=\"hidden\" name=\"_wp_http_referer\" value=\"\/en\/wp-json\/wp\/v2\/pages\/9959\" \/><div id=\"frm_field_10_container\" class=\"frm_form_field form-field  frm_required_field frm_inside_container frm_label_float_top\">\n\t<div  id=\"field_3acsx_label\" class=\"frm_primary_label\">Nom\n\t\t<span class=\"frm_required\" aria-hidden=\"true\">*<\/span>\n\t<\/div>\n\t<fieldset aria-labelledby=\"field_3acsx_label\">\n\t<legend class=\"frm_screen_reader frm_hidden\">\n\t\tNom\t<\/legend>\n\n\t<div  class=\"frm_combo_inputs_container\" id=\"frm_combo_inputs_container_10\" data-name-layout=\"first_last\">\n\t\t\t\t\t<div\n\t\t\t\tid=\"frm_field_10-first_container\"\n\t\t\t\tclass=\"frm_form_field form-field frm_form_subfield-first  frm6\"\n\t\t\t\tdata-sub-field-name=\"first\"\n\t\t\t>\n\t\t\t\t<label for=\"field_3acsx_first\" class=\"frm_screen_reader frm_hidden\">\n\t\t\t\t\tPr\u00e9nom\t\t\t\t<\/label>\n\n\t\t\t\t<input  type=\"text\" id=\"field_3acsx_first\" value=\"\" name=\"item_meta[10][first]\" autocomplete=\"given-name\" data-reqmsg=\"Nom ne peut pas \u00eatre vide.\" aria-required=\"true\" data-invmsg=\"Nom is invalid\" aria-invalid=\"false\"  \/><div class=\"frm_description\" id=\"frm_field_10_first_desc\">Pr\u00e9nom<\/div>\t\t\t<\/div>\n\t\t\t\t\t\t<div\n\t\t\t\tid=\"frm_field_10-last_container\"\n\t\t\t\tclass=\"frm_form_field form-field frm_form_subfield-last  frm6\"\n\t\t\t\tdata-sub-field-name=\"last\"\n\t\t\t>\n\t\t\t\t<label for=\"field_3acsx_last\" class=\"frm_screen_reader frm_hidden\">\n\t\t\t\t\tNom\t\t\t\t<\/label>\n\n\t\t\t\t<input  type=\"text\" id=\"field_3acsx_last\" value=\"\" name=\"item_meta[10][last]\" autocomplete=\"family-name\" data-reqmsg=\"Nom ne peut pas \u00eatre vide.\" aria-required=\"true\" data-invmsg=\"Nom is invalid\" aria-invalid=\"false\"  \/><div class=\"frm_description\" id=\"frm_field_10_last_desc\">Nom<\/div>\t\t\t<\/div>\n\t\t\t\t<\/div>\n<\/fieldset>\n\n\t\n\t\n<\/div>\n<div id=\"frm_field_9_container\" class=\"frm_form_field form-field  frm_required_field frm_inside_container\">\n\t<label for=\"field_eakr9\" id=\"field_eakr9_label\" class=\"frm_primary_label\">T\u00e9l\u00e9phone\n\t\t<span class=\"frm_required\" aria-hidden=\"true\">*<\/span>\n\t<\/label>\n\t<input type=\"tel\" id=\"field_eakr9\" name=\"item_meta[9]\" value=\"\"  data-reqmsg=\"T\u00e9l\u00e9phone ne peut pas \u00eatre vide.\" aria-required=\"true\" data-invmsg=\"T\u00e9l\u00e9phone est non valide\" aria-invalid=\"false\" pattern=\"((\\+\\d{1,3}(-|.| )?\\(?\\d\\)?(-| |.)?\\d{1,5})|(\\(?\\d{2,6}\\)?))(-|.| )?(\\d{3,4})(-|.| )?(\\d{4})(( x| ext)\\d{1,5}){0,1}$\"  \/>\n\t\n\t\n<\/div>\n<div id=\"frm_field_8_container\" class=\"frm_form_field form-field  frm_required_field frm_inside_container\">\n\t<label for=\"field_6qzwg\" id=\"field_6qzwg_label\" class=\"frm_primary_label\">E-mail\n\t\t<span class=\"frm_required\" aria-hidden=\"true\">*<\/span>\n\t<\/label>\n\t<input type=\"email\" id=\"field_6qzwg\" name=\"item_meta[8]\" value=\"\"  data-reqmsg=\"E-mail ne peut pas \u00eatre vide.\" aria-required=\"true\" data-invmsg=\"E-mail est non valide\" aria-invalid=\"false\"  \/>\n\t\n\t\n<\/div>\n<div id=\"frm_field_7_container\" class=\"frm_form_field form-field\">\n\t<div class=\"frm_submit frm_flex\">\n<button class=\"frm_button_submit\" type=\"submit\"  >Volontaire<\/button>\n\n\n\n<\/div>\n<\/div>\n\t<input type=\"hidden\" name=\"item_key\" value=\"\" \/>\n\t\t\t<div id=\"frm_field_11_container\">\n\t\t\t<label for=\"field_uubfo\" >\n\t\t\t\tIf you are human, leave this field blank.\t\t\t<\/label>\n\t\t\t<input  id=\"field_uubfo\" type=\"text\" class=\"frm_form_field form-field frm_verify\" name=\"item_meta[11]\" value=\"\"  \/>\n\t\t<\/div>\n\t\t<input name=\"frm_state\" type=\"hidden\" value=\"aJblNuQiFWNfEOLK6aG+qjFbhjNWWnIMBnXyKYBiqEQ=\" \/><\/div>\n<\/fieldset>\n<\/div>\n\n<input type=\"hidden\" name=\"trp-form-language\" value=\"en\"\/><\/form>\n<\/div>\n\t\t\t\t<\/div>\n\t\t\t\t<\/div>\n\t\t\t\t<\/div>\n\t\t\t\t<\/div>\n\t\t\t\t<\/div>","protected":false},"excerpt":{"rendered":"<p>forme volontaire Nom * Nom Pr\u00e9nom Pr\u00e9nom Nom Nom T\u00e9l\u00e9phone * E-mail * Volontaire Si vous \u00eates un humain, ne remplissez pas ce champ.<\/p>","protected":false},"author":3,"featured_media":0,"parent":0,"menu_order":0,"comment_status":"closed","ping_status":"closed","template":"","meta":{"give_campaign_id":0,"footnotes":""},"class_list":["post-9959","page","type-page","status-publish","hentry"],"yoast_head":"<!-- This site is optimized with the Yoast SEO plugin v27.4 - https:\/\/yoast.com\/product\/yoast-seo-wordpress\/ -->\n<title>Volontaire - Axan Abellard<\/title>\n<meta name=\"robots\" content=\"index, follow, max-snippet:-1, max-image-preview:large, max-video-preview:-1\" \/>\n<link rel=\"canonical\" href=\"https:\/\/axanabellard.org\/en\/volontaire\/\" \/>\n<meta property=\"og:locale\" content=\"en_US\" \/>\n<meta property=\"og:type\" content=\"article\" \/>\n<meta property=\"og:title\" content=\"Volontaire - Axan Abellard\" \/>\n<meta property=\"og:description\" content=\"forme volontaire Nom * Nom Pr\u00e9nom Pr\u00e9nom Nom Nom T\u00e9l\u00e9phone * E-mail * Volontaire Si vous \u00eates un humain, ne remplissez pas ce champ.\" \/>\n<meta property=\"og:url\" content=\"https:\/\/axanabellard.org\/en\/volontaire\/\" \/>\n<meta property=\"og:site_name\" content=\"Axan Abellard\" \/>\n<meta property=\"article:publisher\" content=\"https:\/\/www.facebook.com\/share\/1BcfYNKqV4\/\" \/>\n<meta property=\"article:modified_time\" content=\"2025-03-26T08:11:45+00:00\" \/>\n<meta property=\"og:image\" content=\"https:\/\/axanabellard.org\/wp-content\/uploads\/2025\/02\/WhatsApp-Image-2025-02-24-a-09.18.49_20267870.jpg\" \/>\n\t<meta property=\"og:image:width\" content=\"1280\" \/>\n\t<meta property=\"og:image:height\" content=\"853\" \/>\n\t<meta property=\"og:image:type\" content=\"image\/jpeg\" \/>\n<meta name=\"twitter:card\" content=\"summary_large_image\" \/>\n<meta name=\"twitter:site\" content=\"@abellard_axan\" \/>\n<meta name=\"twitter:label1\" content=\"Est. reading time\" \/>\n\t<meta name=\"twitter:data1\" content=\"1 minute\" \/>\n<script type=\"application\/ld+json\" class=\"yoast-schema-graph\">{\"@context\":\"https:\\\/\\\/schema.org\",\"@graph\":[{\"@type\":\"WebPage\",\"@id\":\"https:\\\/\\\/axanabellard.org\\\/volontaire\\\/\",\"url\":\"https:\\\/\\\/axanabellard.org\\\/volontaire\\\/\",\"name\":\"Volontaire - Axan Abellard\",\"isPartOf\":{\"@id\":\"https:\\\/\\\/axanabellard.org\\\/#website\"},\"datePublished\":\"2025-03-25T16:20:42+00:00\",\"dateModified\":\"2025-03-26T08:11:45+00:00\",\"breadcrumb\":{\"@id\":\"https:\\\/\\\/axanabellard.org\\\/volontaire\\\/#breadcrumb\"},\"inLanguage\":\"en-US\",\"potentialAction\":[{\"@type\":\"ReadAction\",\"target\":[\"https:\\\/\\\/axanabellard.org\\\/volontaire\\\/\"]}]},{\"@type\":\"BreadcrumbList\",\"@id\":\"https:\\\/\\\/axanabellard.org\\\/volontaire\\\/#breadcrumb\",\"itemListElement\":[{\"@type\":\"ListItem\",\"position\":1,\"name\":\"Home\",\"item\":\"https:\\\/\\\/axanabellard.org\\\/\"},{\"@type\":\"ListItem\",\"position\":2,\"name\":\"Volontaire\"}]},{\"@type\":\"WebSite\",\"@id\":\"https:\\\/\\\/axanabellard.org\\\/#website\",\"url\":\"https:\\\/\\\/axanabellard.org\\\/\",\"name\":\"Axan Abellard\",\"description\":\"Cessons l&#039;anarchie aujoud&#039;hui me\u0302me\",\"publisher\":{\"@id\":\"https:\\\/\\\/axanabellard.org\\\/#organization\"},\"potentialAction\":[{\"@type\":\"SearchAction\",\"target\":{\"@type\":\"EntryPoint\",\"urlTemplate\":\"https:\\\/\\\/axanabellard.org\\\/?s={search_term_string}\"},\"query-input\":{\"@type\":\"PropertyValueSpecification\",\"valueRequired\":true,\"valueName\":\"search_term_string\"}}],\"inLanguage\":\"en-US\"},{\"@type\":\"Organization\",\"@id\":\"https:\\\/\\\/axanabellard.org\\\/#organization\",\"name\":\"Axan Abellard\",\"url\":\"https:\\\/\\\/axanabellard.org\\\/\",\"logo\":{\"@type\":\"ImageObject\",\"inLanguage\":\"en-US\",\"@id\":\"https:\\\/\\\/axanabellard.org\\\/#\\\/schema\\\/logo\\\/image\\\/\",\"url\":\"https:\\\/\\\/axanabellard.org\\\/wp-content\\\/uploads\\\/2025\\\/02\\\/WhatsApp-Image-2025-02-24-a-09.18.49_20267870.jpg\",\"contentUrl\":\"https:\\\/\\\/axanabellard.org\\\/wp-content\\\/uploads\\\/2025\\\/02\\\/WhatsApp-Image-2025-02-24-a-09.18.49_20267870.jpg\",\"width\":1280,\"height\":853,\"caption\":\"Axan Abellard\"},\"image\":{\"@id\":\"https:\\\/\\\/axanabellard.org\\\/#\\\/schema\\\/logo\\\/image\\\/\"},\"sameAs\":[\"https:\\\/\\\/www.facebook.com\\\/share\\\/1BcfYNKqV4\\\/\",\"https:\\\/\\\/x.com\\\/abellard_axan\"]}]}<\/script>\n<!-- \/ Yoast SEO plugin. -->","yoast_head_json":{"title":"Volontaire - Axan Abellard","robots":{"index":"index","follow":"follow","max-snippet":"max-snippet:-1","max-image-preview":"max-image-preview:large","max-video-preview":"max-video-preview:-1"},"canonical":"https:\/\/axanabellard.org\/en\/volontaire\/","og_locale":"en_US","og_type":"article","og_title":"Volontaire - Axan Abellard","og_description":"forme volontaire Nom * Nom Pr\u00e9nom Pr\u00e9nom Nom Nom T\u00e9l\u00e9phone * E-mail * Volontaire Si vous \u00eates un humain, ne remplissez pas ce champ.","og_url":"https:\/\/axanabellard.org\/en\/volontaire\/","og_site_name":"Axan Abellard","article_publisher":"https:\/\/www.facebook.com\/share\/1BcfYNKqV4\/","article_modified_time":"2025-03-26T08:11:45+00:00","og_image":[{"width":1280,"height":853,"url":"https:\/\/axanabellard.org\/wp-content\/uploads\/2025\/02\/WhatsApp-Image-2025-02-24-a-09.18.49_20267870.jpg","type":"image\/jpeg"}],"twitter_card":"summary_large_image","twitter_site":"@abellard_axan","twitter_misc":{"Est. reading time":"1 minute"},"schema":{"@context":"https:\/\/schema.org","@graph":[{"@type":"WebPage","@id":"https:\/\/axanabellard.org\/volontaire\/","url":"https:\/\/axanabellard.org\/volontaire\/","name":"Volontaire - Axan Abellard","isPartOf":{"@id":"https:\/\/axanabellard.org\/#website"},"datePublished":"2025-03-25T16:20:42+00:00","dateModified":"2025-03-26T08:11:45+00:00","breadcrumb":{"@id":"https:\/\/axanabellard.org\/volontaire\/#breadcrumb"},"inLanguage":"en-US","potentialAction":[{"@type":"ReadAction","target":["https:\/\/axanabellard.org\/volontaire\/"]}]},{"@type":"BreadcrumbList","@id":"https:\/\/axanabellard.org\/volontaire\/#breadcrumb","itemListElement":[{"@type":"ListItem","position":1,"name":"Home","item":"https:\/\/axanabellard.org\/"},{"@type":"ListItem","position":2,"name":"Volontaire"}]},{"@type":"WebSite","@id":"https:\/\/axanabellard.org\/#website","url":"https:\/\/axanabellard.org\/","name":"Axan Abellard","description":"Cessons l&#039;anarchie aujoud&#039;hui me\u0302me","publisher":{"@id":"https:\/\/axanabellard.org\/#organization"},"potentialAction":[{"@type":"SearchAction","target":{"@type":"EntryPoint","urlTemplate":"https:\/\/axanabellard.org\/?s={search_term_string}"},"query-input":{"@type":"PropertyValueSpecification","valueRequired":true,"valueName":"search_term_string"}}],"inLanguage":"en-US"},{"@type":"Organization","@id":"https:\/\/axanabellard.org\/#organization","name":"Axan Abellard","url":"https:\/\/axanabellard.org\/","logo":{"@type":"ImageObject","inLanguage":"en-US","@id":"https:\/\/axanabellard.org\/#\/schema\/logo\/image\/","url":"https:\/\/axanabellard.org\/wp-content\/uploads\/2025\/02\/WhatsApp-Image-2025-02-24-a-09.18.49_20267870.jpg","contentUrl":"https:\/\/axanabellard.org\/wp-content\/uploads\/2025\/02\/WhatsApp-Image-2025-02-24-a-09.18.49_20267870.jpg","width":1280,"height":853,"caption":"Axan Abellard"},"image":{"@id":"https:\/\/axanabellard.org\/#\/schema\/logo\/image\/"},"sameAs":["https:\/\/www.facebook.com\/share\/1BcfYNKqV4\/","https:\/\/x.com\/abellard_axan"]}]}},"campaignId":"","_links":{"self":[{"href":"https:\/\/axanabellard.org\/en\/wp-json\/wp\/v2\/pages\/9959","targetHints":{"allow":["GET"]}}],"collection":[{"href":"https:\/\/axanabellard.org\/en\/wp-json\/wp\/v2\/pages"}],"about":[{"href":"https:\/\/axanabellard.org\/en\/wp-json\/wp\/v2\/types\/page"}],"author":[{"embeddable":true,"href":"https:\/\/axanabellard.org\/en\/wp-json\/wp\/v2\/users\/3"}],"replies":[{"embeddable":true,"href":"https:\/\/axanabellard.org\/en\/wp-json\/wp\/v2\/comments?post=9959"}],"version-history":[{"count":13,"href":"https:\/\/axanabellard.org\/en\/wp-json\/wp\/v2\/pages\/9959\/revisions"}],"predecessor-version":[{"id":10202,"href":"https:\/\/axanabellard.org\/en\/wp-json\/wp\/v2\/pages\/9959\/revisions\/10202"}],"wp:attachment":[{"href":"https:\/\/axanabellard.org\/en\/wp-json\/wp\/v2\/media?parent=9959"}],"curies":[{"name":"wp","href":"https:\/\/api.w.org\/{rel}","templated":true}]}}