{"id":7838,"date":"2025-02-08T01:48:25","date_gmt":"2025-02-08T00:48:25","guid":{"rendered":"https:\/\/axanabellard.com\/?page_id=7838"},"modified":"2025-04-04T21:22:25","modified_gmt":"2025-04-04T19:22:25","slug":"a-propos","status":"publish","type":"page","link":"https:\/\/axanabellard.org\/en\/a-propos\/","title":{"rendered":"\u00c0 Propos"},"content":{"rendered":"<div data-elementor-type=\"wp-page\" data-elementor-id=\"7838\" class=\"elementor elementor-7838\">\n\t\t\t\t<div class=\"elementor-element elementor-element-375836bf e-con-full e-flex wpr-particle-no wpr-jarallax-no wpr-parallax-no wpr-sticky-section-no wpr-equal-height-no e-con e-parent\" data-id=\"375836bf\" data-element_type=\"container\" data-e-type=\"container\" data-settings=\"{&quot;background_background&quot;:&quot;classic&quot;}\">\n\t\t\t\t<div class=\"elementor-element elementor-element-bfd6454 elementor-widget__width-initial elementor-widget-mobile__width-initial elementor-widget elementor-widget-image\" data-id=\"bfd6454\" data-element_type=\"widget\" data-e-type=\"widget\" data-widget_type=\"image.default\">\n\t\t\t\t<div class=\"elementor-widget-container\">\n\t\t\t\t\t\t\t\t\t\t\t\t\t\t\t<img fetchpriority=\"high\" decoding=\"async\" width=\"1024\" height=\"576\" src=\"https:\/\/axanabellard.org\/wp-content\/uploads\/2025\/03\/110-1024x576.jpg\" class=\"attachment-large size-large wp-image-9621\" alt=\"\" srcset=\"https:\/\/axanabellard.org\/wp-content\/uploads\/2025\/03\/110-1024x576.jpg 1024w, https:\/\/axanabellard.org\/wp-content\/uploads\/2025\/03\/110-300x169.jpg 300w, https:\/\/axanabellard.org\/wp-content\/uploads\/2025\/03\/110-768x432.jpg 768w, https:\/\/axanabellard.org\/wp-content\/uploads\/2025\/03\/110-900x506.jpg 900w, https:\/\/axanabellard.org\/wp-content\/uploads\/2025\/03\/110.jpg 1366w\" sizes=\"(max-width: 1024px) 100vw, 1024px\" \/>\t\t\t\t\t\t\t\t\t\t\t\t\t\t\t<\/div>\n\t\t\t\t<\/div>\n\t\t\t\t<\/div>\n\t\t<div class=\"elementor-element elementor-element-32263e21 e-con-full e-flex wpr-particle-no wpr-jarallax-no wpr-parallax-no wpr-sticky-section-no wpr-equal-height-no e-con e-parent\" data-id=\"32263e21\" data-element_type=\"container\" data-e-type=\"container\">\n\t\t<div class=\"elementor-element elementor-element-78b746a e-con-full e-flex wpr-particle-no wpr-jarallax-no wpr-parallax-no wpr-sticky-section-no wpr-equal-height-no e-con e-child\" data-id=\"78b746a\" data-element_type=\"container\" data-e-type=\"container\" data-settings=\"{&quot;background_background&quot;:&quot;classic&quot;}\">\n\t\t\t\t<div class=\"elementor-element elementor-element-ecc331d premium-header-inline premium-lq__none premium-box-lq__none elementor-widget elementor-widget-premium-addon-dual-header\" data-id=\"ecc331d\" data-element_type=\"widget\" data-e-type=\"widget\" data-widget_type=\"premium-addon-dual-header.default\">\n\t\t\t\t\t\n\t\t<div class=\"elementor-widget-container\">\n\t\t\t\t\t<p class=\"premium-dual-header-first-header\"><span class=\"premium-dual-header-first-span\">axan <\/span><span class=\"premium-dual-header-second-header\">abellard<\/span><\/p> \t\t\t\t<\/div>\n\n\t\t\t\t\t\t<\/div>\n\t\t\t\t<div class=\"elementor-element elementor-element-b94d3c8 elementor-widget elementor-widget-spacer\" data-id=\"b94d3c8\" data-element_type=\"widget\" data-e-type=\"widget\" data-widget_type=\"spacer.default\">\n\t\t\t\t<div class=\"elementor-widget-container\">\n\t\t\t\t\t\t\t<div class=\"elementor-spacer\">\n\t\t\t<div class=\"elementor-spacer-inner\"><\/div>\n\t\t<\/div>\n\t\t\t\t\t\t<\/div>\n\t\t\t\t<\/div>\n\t\t\t\t<div class=\"elementor-element elementor-element-69ac21e elementor-widget elementor-widget-text-editor\" data-id=\"69ac21e\" data-element_type=\"widget\" data-e-type=\"widget\" data-widget_type=\"text-editor.default\">\n\t\t\t\t<div class=\"elementor-widget-container\">\n\t\t\t\t\t\t\t\t\t<p dir=\"ltr\">N\u00e9 en 1952 \u00e0 Matthieu, L\u00e9og\u00e2ne, dans le d\u00e9partement de l\u2019 Ouest, il grandit entre la campagne et Port-au-Prince dans un milieu modeste. \u00c9l\u00e8ve brillant, il effectue sa scolarit\u00e9 primaire au Lyc\u00e9e Alexandre P\u00e9tion et \u00e0 l\u2019\u00e9cole Hermann H\u00e9raux, puis poursuit ses \u00e9tudes secondaires au Lyc\u00e9e Toussaint Louverture et au Centre d\u2019\u00c9tudes Secondaires, o\u00f9 il excelle en math\u00e9matiques.<\/p>\n<p dir=\"ltr\">En 1971, il int\u00e8gre la Facult\u00e9 des Sciences de l\u2019Universit\u00e9 d\u2019\u00c9tat d\u2019Ha\u00efti et se distingue au point de devenir moniteur de math\u00e9matiques d\u00e8s sa deuxi\u00e8me ann\u00e9e. Il b\u00e9n\u00e9ficie d\u2019un programme avanc\u00e9 en math\u00e9matiques dispens\u00e9 par des professeurs fran\u00e7ais. Il en ressort ing\u00e9nieur civil et licenci\u00e9 \u00e8s sciences math\u00e9matiques. En tant que deuxi\u00e8me laur\u00e9at de sa promotion, il b\u00e9n\u00e9ficie d\u2019une bourse de trois ans de l\u2019\u00c9tat fran\u00e7ais.<\/p>\n<p dir=\"ltr\">Il part en France et int\u00e8gre l\u2019\u00c9cole Sp\u00e9ciale des Travaux Publics, mais il vise plus haut et pr\u00e9pare le concours d\u2019entr\u00e9e aux Ponts et Chauss\u00e9es tout en poursuivant une ma\u00eetrise en math\u00e9matiques \u00e0 l\u2019Universit\u00e9 Paris VII.<\/p>\n<p dir=\"ltr\">En 1976, il r\u00e9ussit son pari et rejoint directement la deuxi\u00e8me ann\u00e9e de l\u2019Ecole Nationale des Ponts et Chauss\u00e9es, o\u00f9 il brille par son s\u00e9rieux et son excellence. En 1978, il retourne en Ha\u00efti avec un dipl\u00f4me d\u2019ing\u00e9nieur civil des Ponts et Chauss\u00e9es et une ma\u00eetrise en sciences math\u00e9matiques, pr\u00eat \u00e0 mettre son expertise au service de son pays.<\/p>\n\t\t\t\t\t\t\t\t<\/div>\n\t\t\t\t<\/div>\n\t\t\t\t<\/div>\n\t\t\t\t<\/div>\n\t\t\t\t<\/div>","protected":false},"excerpt":{"rendered":"<p>axan abellard N\u00e9 en 1952 \u00e0 Matthieu, L\u00e9og\u00e2ne, dans le d\u00e9partement de l\u2019 Ouest, il grandit entre la campagne et Port-au-Prince dans un milieu modeste. \u00c9l\u00e8ve brillant, il effectue sa scolarit\u00e9 primaire au Lyc\u00e9e Alexandre P\u00e9tion et \u00e0 l\u2019\u00e9cole Hermann H\u00e9raux, puis poursuit ses \u00e9tudes secondaires au Lyc\u00e9e Toussaint Louverture et au Centre d\u2019\u00c9tudes Secondaires, o\u00f9 il excelle en math\u00e9matiques. En 1971, il int\u00e8gre la Facult\u00e9 des Sciences de l\u2019Universit\u00e9 d\u2019\u00c9tat d\u2019Ha\u00efti et se distingue au point de devenir moniteur de math\u00e9matiques d\u00e8s sa deuxi\u00e8me ann\u00e9e. Il b\u00e9n\u00e9ficie d\u2019un programme avanc\u00e9 en math\u00e9matiques dispens\u00e9 par des professeurs fran\u00e7ais. Il en ressort ing\u00e9nieur civil et licenci\u00e9 \u00e8s sciences math\u00e9matiques. En tant que deuxi\u00e8me laur\u00e9at de sa promotion, il b\u00e9n\u00e9ficie d\u2019une bourse de trois ans de l\u2019\u00c9tat fran\u00e7ais. Il part en France et int\u00e8gre l\u2019\u00c9cole Sp\u00e9ciale des Travaux Publics, mais il vise plus haut et pr\u00e9pare le concours d\u2019entr\u00e9e aux Ponts et Chauss\u00e9es tout en poursuivant une ma\u00eetrise en math\u00e9matiques \u00e0 l\u2019Universit\u00e9 Paris VII. En 1976, il r\u00e9ussit son pari et rejoint directement la deuxi\u00e8me ann\u00e9e de l\u2019Ecole Nationale des Ponts et Chauss\u00e9es, o\u00f9 il brille par son s\u00e9rieux et son excellence. En 1978, il retourne en Ha\u00efti avec un dipl\u00f4me d\u2019ing\u00e9nieur civil des Ponts et Chauss\u00e9es et une ma\u00eetrise en sciences math\u00e9matiques, pr\u00eat \u00e0 mettre son expertise au service de son pays.<\/p>","protected":false},"author":1,"featured_media":0,"parent":0,"menu_order":0,"comment_status":"closed","ping_status":"closed","template":"elementor_header_footer","meta":{"give_campaign_id":0,"footnotes":""},"class_list":["post-7838","page","type-page","status-publish","hentry"],"yoast_head":"<!-- This site is optimized with the Yoast SEO plugin v27.4 - https:\/\/yoast.com\/product\/yoast-seo-wordpress\/ -->\n<title>\u00c0 Propos - Axan Abellard<\/title>\n<meta name=\"robots\" content=\"index, follow, max-snippet:-1, max-image-preview:large, max-video-preview:-1\" \/>\n<link rel=\"canonical\" href=\"https:\/\/axanabellard.org\/en\/a-propos\/\" \/>\n<meta property=\"og:locale\" content=\"en_US\" \/>\n<meta property=\"og:type\" content=\"article\" \/>\n<meta property=\"og:title\" content=\"\u00c0 Propos - Axan Abellard\" \/>\n<meta property=\"og:description\" content=\"axan abellard N\u00e9 en 1952 \u00e0 Matthieu, L\u00e9og\u00e2ne, dans le d\u00e9partement de l\u2019 Ouest, il grandit entre la campagne et Port-au-Prince dans un milieu modeste. \u00c9l\u00e8ve brillant, il effectue sa scolarit\u00e9 primaire au Lyc\u00e9e Alexandre P\u00e9tion et \u00e0 l\u2019\u00e9cole Hermann H\u00e9raux, puis poursuit ses \u00e9tudes secondaires au Lyc\u00e9e Toussaint Louverture et au Centre d\u2019\u00c9tudes Secondaires, o\u00f9 il excelle en math\u00e9matiques. En 1971, il int\u00e8gre la Facult\u00e9 des Sciences de l\u2019Universit\u00e9 d\u2019\u00c9tat d\u2019Ha\u00efti et se distingue au point de devenir moniteur de math\u00e9matiques d\u00e8s sa deuxi\u00e8me ann\u00e9e. Il b\u00e9n\u00e9ficie d\u2019un programme avanc\u00e9 en math\u00e9matiques dispens\u00e9 par des professeurs fran\u00e7ais. Il en ressort ing\u00e9nieur civil et licenci\u00e9 \u00e8s sciences math\u00e9matiques. En tant que deuxi\u00e8me laur\u00e9at de sa promotion, il b\u00e9n\u00e9ficie d\u2019une bourse de trois ans de l\u2019\u00c9tat fran\u00e7ais. Il part en France et int\u00e8gre l\u2019\u00c9cole Sp\u00e9ciale des Travaux Publics, mais il vise plus haut et pr\u00e9pare le concours d\u2019entr\u00e9e aux Ponts et Chauss\u00e9es tout en poursuivant une ma\u00eetrise en math\u00e9matiques \u00e0 l\u2019Universit\u00e9 Paris VII. En 1976, il r\u00e9ussit son pari et rejoint directement la deuxi\u00e8me ann\u00e9e de l\u2019Ecole Nationale des Ponts et Chauss\u00e9es, o\u00f9 il brille par son s\u00e9rieux et son excellence. En 1978, il retourne en Ha\u00efti avec un dipl\u00f4me d\u2019ing\u00e9nieur civil des Ponts et Chauss\u00e9es et une ma\u00eetrise en sciences math\u00e9matiques, pr\u00eat \u00e0 mettre son expertise au service de son pays.\" \/>\n<meta property=\"og:url\" content=\"https:\/\/axanabellard.org\/en\/a-propos\/\" \/>\n<meta property=\"og:site_name\" content=\"Axan Abellard\" \/>\n<meta property=\"article:publisher\" content=\"https:\/\/www.facebook.com\/share\/1BcfYNKqV4\/\" \/>\n<meta property=\"article:modified_time\" content=\"2025-04-04T19:22:25+00:00\" \/>\n<meta property=\"og:image\" content=\"https:\/\/axanabellard.org\/wp-content\/uploads\/2025\/03\/110.jpg\" \/>\n\t<meta property=\"og:image:width\" content=\"1366\" \/>\n\t<meta property=\"og:image:height\" content=\"768\" \/>\n\t<meta property=\"og:image:type\" content=\"image\/jpeg\" \/>\n<meta name=\"twitter:card\" content=\"summary_large_image\" \/>\n<meta name=\"twitter:site\" content=\"@abellard_axan\" \/>\n<meta name=\"twitter:label1\" content=\"Est. reading time\" \/>\n\t<meta name=\"twitter:data1\" content=\"2 minutes\" \/>\n<script type=\"application\/ld+json\" class=\"yoast-schema-graph\">{\"@context\":\"https:\\\/\\\/schema.org\",\"@graph\":[{\"@type\":\"WebPage\",\"@id\":\"https:\\\/\\\/axanabellard.org\\\/a-propos\\\/\",\"url\":\"https:\\\/\\\/axanabellard.org\\\/a-propos\\\/\",\"name\":\"\u00c0 Propos - Axan Abellard\",\"isPartOf\":{\"@id\":\"https:\\\/\\\/axanabellard.org\\\/#website\"},\"primaryImageOfPage\":{\"@id\":\"https:\\\/\\\/axanabellard.org\\\/a-propos\\\/#primaryimage\"},\"image\":{\"@id\":\"https:\\\/\\\/axanabellard.org\\\/a-propos\\\/#primaryimage\"},\"thumbnailUrl\":\"https:\\\/\\\/axanabellard.org\\\/wp-content\\\/uploads\\\/2025\\\/03\\\/110-1024x576.jpg\",\"datePublished\":\"2025-02-08T00:48:25+00:00\",\"dateModified\":\"2025-04-04T19:22:25+00:00\",\"breadcrumb\":{\"@id\":\"https:\\\/\\\/axanabellard.org\\\/a-propos\\\/#breadcrumb\"},\"inLanguage\":\"en-US\",\"potentialAction\":[{\"@type\":\"ReadAction\",\"target\":[\"https:\\\/\\\/axanabellard.org\\\/a-propos\\\/\"]}]},{\"@type\":\"ImageObject\",\"inLanguage\":\"en-US\",\"@id\":\"https:\\\/\\\/axanabellard.org\\\/a-propos\\\/#primaryimage\",\"url\":\"https:\\\/\\\/axanabellard.org\\\/wp-content\\\/uploads\\\/2025\\\/03\\\/110-1024x576.jpg\",\"contentUrl\":\"https:\\\/\\\/axanabellard.org\\\/wp-content\\\/uploads\\\/2025\\\/03\\\/110-1024x576.jpg\"},{\"@type\":\"BreadcrumbList\",\"@id\":\"https:\\\/\\\/axanabellard.org\\\/a-propos\\\/#breadcrumb\",\"itemListElement\":[{\"@type\":\"ListItem\",\"position\":1,\"name\":\"Home\",\"item\":\"https:\\\/\\\/axanabellard.org\\\/\"},{\"@type\":\"ListItem\",\"position\":2,\"name\":\"\u00c0 Propos\"}]},{\"@type\":\"WebSite\",\"@id\":\"https:\\\/\\\/axanabellard.org\\\/#website\",\"url\":\"https:\\\/\\\/axanabellard.org\\\/\",\"name\":\"Axan Abellard\",\"description\":\"Cessons l&#039;anarchie aujoud&#039;hui me\u0302me\",\"publisher\":{\"@id\":\"https:\\\/\\\/axanabellard.org\\\/#organization\"},\"potentialAction\":[{\"@type\":\"SearchAction\",\"target\":{\"@type\":\"EntryPoint\",\"urlTemplate\":\"https:\\\/\\\/axanabellard.org\\\/?s={search_term_string}\"},\"query-input\":{\"@type\":\"PropertyValueSpecification\",\"valueRequired\":true,\"valueName\":\"search_term_string\"}}],\"inLanguage\":\"en-US\"},{\"@type\":\"Organization\",\"@id\":\"https:\\\/\\\/axanabellard.org\\\/#organization\",\"name\":\"Axan Abellard\",\"url\":\"https:\\\/\\\/axanabellard.org\\\/\",\"logo\":{\"@type\":\"ImageObject\",\"inLanguage\":\"en-US\",\"@id\":\"https:\\\/\\\/axanabellard.org\\\/#\\\/schema\\\/logo\\\/image\\\/\",\"url\":\"https:\\\/\\\/axanabellard.org\\\/wp-content\\\/uploads\\\/2025\\\/02\\\/WhatsApp-Image-2025-02-24-a-09.18.49_20267870.jpg\",\"contentUrl\":\"https:\\\/\\\/axanabellard.org\\\/wp-content\\\/uploads\\\/2025\\\/02\\\/WhatsApp-Image-2025-02-24-a-09.18.49_20267870.jpg\",\"width\":1280,\"height\":853,\"caption\":\"Axan Abellard\"},\"image\":{\"@id\":\"https:\\\/\\\/axanabellard.org\\\/#\\\/schema\\\/logo\\\/image\\\/\"},\"sameAs\":[\"https:\\\/\\\/www.facebook.com\\\/share\\\/1BcfYNKqV4\\\/\",\"https:\\\/\\\/x.com\\\/abellard_axan\"]}]}<\/script>\n<!-- \/ Yoast SEO plugin. -->","yoast_head_json":{"title":"\u00c0 Propos - Axan Abellard","robots":{"index":"index","follow":"follow","max-snippet":"max-snippet:-1","max-image-preview":"max-image-preview:large","max-video-preview":"max-video-preview:-1"},"canonical":"https:\/\/axanabellard.org\/en\/a-propos\/","og_locale":"en_US","og_type":"article","og_title":"\u00c0 Propos - Axan Abellard","og_description":"axan abellard N\u00e9 en 1952 \u00e0 Matthieu, L\u00e9og\u00e2ne, dans le d\u00e9partement de l\u2019 Ouest, il grandit entre la campagne et Port-au-Prince dans un milieu modeste. \u00c9l\u00e8ve brillant, il effectue sa scolarit\u00e9 primaire au Lyc\u00e9e Alexandre P\u00e9tion et \u00e0 l\u2019\u00e9cole Hermann H\u00e9raux, puis poursuit ses \u00e9tudes secondaires au Lyc\u00e9e Toussaint Louverture et au Centre d\u2019\u00c9tudes Secondaires, o\u00f9 il excelle en math\u00e9matiques. En 1971, il int\u00e8gre la Facult\u00e9 des Sciences de l\u2019Universit\u00e9 d\u2019\u00c9tat d\u2019Ha\u00efti et se distingue au point de devenir moniteur de math\u00e9matiques d\u00e8s sa deuxi\u00e8me ann\u00e9e. Il b\u00e9n\u00e9ficie d\u2019un programme avanc\u00e9 en math\u00e9matiques dispens\u00e9 par des professeurs fran\u00e7ais. Il en ressort ing\u00e9nieur civil et licenci\u00e9 \u00e8s sciences math\u00e9matiques. En tant que deuxi\u00e8me laur\u00e9at de sa promotion, il b\u00e9n\u00e9ficie d\u2019une bourse de trois ans de l\u2019\u00c9tat fran\u00e7ais. Il part en France et int\u00e8gre l\u2019\u00c9cole Sp\u00e9ciale des Travaux Publics, mais il vise plus haut et pr\u00e9pare le concours d\u2019entr\u00e9e aux Ponts et Chauss\u00e9es tout en poursuivant une ma\u00eetrise en math\u00e9matiques \u00e0 l\u2019Universit\u00e9 Paris VII. En 1976, il r\u00e9ussit son pari et rejoint directement la deuxi\u00e8me ann\u00e9e de l\u2019Ecole Nationale des Ponts et Chauss\u00e9es, o\u00f9 il brille par son s\u00e9rieux et son excellence. En 1978, il retourne en Ha\u00efti avec un dipl\u00f4me d\u2019ing\u00e9nieur civil des Ponts et Chauss\u00e9es et une ma\u00eetrise en sciences math\u00e9matiques, pr\u00eat \u00e0 mettre son expertise au service de son pays.","og_url":"https:\/\/axanabellard.org\/en\/a-propos\/","og_site_name":"Axan Abellard","article_publisher":"https:\/\/www.facebook.com\/share\/1BcfYNKqV4\/","article_modified_time":"2025-04-04T19:22:25+00:00","og_image":[{"width":1366,"height":768,"url":"https:\/\/axanabellard.org\/wp-content\/uploads\/2025\/03\/110.jpg","type":"image\/jpeg"}],"twitter_card":"summary_large_image","twitter_site":"@abellard_axan","twitter_misc":{"Est. reading time":"2 minutes"},"schema":{"@context":"https:\/\/schema.org","@graph":[{"@type":"WebPage","@id":"https:\/\/axanabellard.org\/a-propos\/","url":"https:\/\/axanabellard.org\/a-propos\/","name":"\u00c0 Propos - Axan Abellard","isPartOf":{"@id":"https:\/\/axanabellard.org\/#website"},"primaryImageOfPage":{"@id":"https:\/\/axanabellard.org\/a-propos\/#primaryimage"},"image":{"@id":"https:\/\/axanabellard.org\/a-propos\/#primaryimage"},"thumbnailUrl":"https:\/\/axanabellard.org\/wp-content\/uploads\/2025\/03\/110-1024x576.jpg","datePublished":"2025-02-08T00:48:25+00:00","dateModified":"2025-04-04T19:22:25+00:00","breadcrumb":{"@id":"https:\/\/axanabellard.org\/a-propos\/#breadcrumb"},"inLanguage":"en-US","potentialAction":[{"@type":"ReadAction","target":["https:\/\/axanabellard.org\/a-propos\/"]}]},{"@type":"ImageObject","inLanguage":"en-US","@id":"https:\/\/axanabellard.org\/a-propos\/#primaryimage","url":"https:\/\/axanabellard.org\/wp-content\/uploads\/2025\/03\/110-1024x576.jpg","contentUrl":"https:\/\/axanabellard.org\/wp-content\/uploads\/2025\/03\/110-1024x576.jpg"},{"@type":"BreadcrumbList","@id":"https:\/\/axanabellard.org\/a-propos\/#breadcrumb","itemListElement":[{"@type":"ListItem","position":1,"name":"Home","item":"https:\/\/axanabellard.org\/"},{"@type":"ListItem","position":2,"name":"\u00c0 Propos"}]},{"@type":"WebSite","@id":"https:\/\/axanabellard.org\/#website","url":"https:\/\/axanabellard.org\/","name":"Axan Abellard","description":"Cessons l&#039;anarchie aujoud&#039;hui me\u0302me","publisher":{"@id":"https:\/\/axanabellard.org\/#organization"},"potentialAction":[{"@type":"SearchAction","target":{"@type":"EntryPoint","urlTemplate":"https:\/\/axanabellard.org\/?s={search_term_string}"},"query-input":{"@type":"PropertyValueSpecification","valueRequired":true,"valueName":"search_term_string"}}],"inLanguage":"en-US"},{"@type":"Organization","@id":"https:\/\/axanabellard.org\/#organization","name":"Axan Abellard","url":"https:\/\/axanabellard.org\/","logo":{"@type":"ImageObject","inLanguage":"en-US","@id":"https:\/\/axanabellard.org\/#\/schema\/logo\/image\/","url":"https:\/\/axanabellard.org\/wp-content\/uploads\/2025\/02\/WhatsApp-Image-2025-02-24-a-09.18.49_20267870.jpg","contentUrl":"https:\/\/axanabellard.org\/wp-content\/uploads\/2025\/02\/WhatsApp-Image-2025-02-24-a-09.18.49_20267870.jpg","width":1280,"height":853,"caption":"Axan Abellard"},"image":{"@id":"https:\/\/axanabellard.org\/#\/schema\/logo\/image\/"},"sameAs":["https:\/\/www.facebook.com\/share\/1BcfYNKqV4\/","https:\/\/x.com\/abellard_axan"]}]}},"campaignId":"","_links":{"self":[{"href":"https:\/\/axanabellard.org\/en\/wp-json\/wp\/v2\/pages\/7838","targetHints":{"allow":["GET"]}}],"collection":[{"href":"https:\/\/axanabellard.org\/en\/wp-json\/wp\/v2\/pages"}],"about":[{"href":"https:\/\/axanabellard.org\/en\/wp-json\/wp\/v2\/types\/page"}],"author":[{"embeddable":true,"href":"https:\/\/axanabellard.org\/en\/wp-json\/wp\/v2\/users\/1"}],"replies":[{"embeddable":true,"href":"https:\/\/axanabellard.org\/en\/wp-json\/wp\/v2\/comments?post=7838"}],"version-history":[{"count":205,"href":"https:\/\/axanabellard.org\/en\/wp-json\/wp\/v2\/pages\/7838\/revisions"}],"predecessor-version":[{"id":10553,"href":"https:\/\/axanabellard.org\/en\/wp-json\/wp\/v2\/pages\/7838\/revisions\/10553"}],"wp:attachment":[{"href":"https:\/\/axanabellard.org\/en\/wp-json\/wp\/v2\/media?parent=7838"}],"curies":[{"name":"wp","href":"https:\/\/api.w.org\/{rel}","templated":true}]}}