{"id":4340,"date":"2015-12-15T07:37:19","date_gmt":"2015-12-15T07:37:19","guid":{"rendered":"http:\/\/consulting.stylemixthemes.com\/?page_id=7"},"modified":"2025-03-26T09:16:29","modified_gmt":"2025-03-26T08:16:29","slug":"blog","status":"publish","type":"page","link":"https:\/\/axanabellard.org\/en\/blog\/","title":{"rendered":"Actualit\u00e9s"},"content":{"rendered":"<div data-elementor-type=\"wp-page\" data-elementor-id=\"4340\" class=\"elementor elementor-4340\">\n\t\t\t\t<div class=\"elementor-element elementor-element-722ab658 e-con-full e-flex wpr-particle-no wpr-jarallax-no wpr-parallax-no wpr-sticky-section-no wpr-equal-height-no e-con e-parent\" data-id=\"722ab658\" data-element_type=\"container\" data-e-type=\"container\" data-settings=\"{&quot;background_background&quot;:&quot;classic&quot;}\">\n\t\t\t\t<div class=\"elementor-element elementor-element-1bdc5aef elementor-widget__width-inherit elementor-grid-eael-col-4 elementor-grid-tablet-eael-col-2 elementor-grid-mobile-eael-col-1 elementor-widget elementor-widget-eael-post-grid\" data-id=\"1bdc5aef\" data-element_type=\"widget\" data-e-type=\"widget\" data-settings=\"{&quot;eael_post_grid_columns&quot;:&quot;eael-col-4&quot;,&quot;eael_post_grid_columns_tablet&quot;:&quot;eael-col-2&quot;,&quot;eael_post_grid_columns_mobile&quot;:&quot;eael-col-1&quot;}\" data-widget_type=\"eael-post-grid.default\">\n\t\t\t\t<div class=\"elementor-widget-container\">\n\t\t\t\t\t<div id=\"eael-post-grid-1bdc5aef\" class=\"eael-post-grid-container\">\n            <div class=\"eael-post-grid eael-post-appender eael-post-appender-1bdc5aef eael-post-grid-style-two\" data-layout-mode=\"masonry\"><article class=\"eael-grid-post  eael-post-grid-column eael-pg-post-8118 category-articles-francais\" data-id=\"8118\">\n    <div class=\"eael-grid-post-holder\">\n        <div class=\"eael-grid-post-holder-inner\"><div class=\"eael-entry-wrapper\"><header class=\"eael-entry-header\"><div class=\"eael-entry-title\"><a class=\"eael-grid-post-link\" href=\"https:\/\/axanabellard.org\/en\/le-cri-de-ralliement-du-14-aout-2021\/\" title=\"Le Cri De Ralliement Du 14 Ao\u00fbt 2021\">Le Cri De Ralliement Du 14 Ao\u00fbt 2021<\/a><\/div><\/header><\/div><\/div>\n    <\/div>\n<\/article><article class=\"eael-grid-post  eael-post-grid-column eael-pg-post-8178 category-articles-francais\" data-id=\"8178\">\n    <div class=\"eael-grid-post-holder\">\n        <div class=\"eael-grid-post-holder-inner\"><div class=\"eael-entry-wrapper\"><header class=\"eael-entry-header\"><div class=\"eael-entry-title\"><a class=\"eael-grid-post-link\" href=\"https:\/\/axanabellard.org\/en\/sa-vision-sur-la-crise-actuelle\/\" title=\"Sa vision sur la crise actuelle\">Sa vision sur la crise actuelle<\/a><\/div><\/header><\/div><\/div>\n    <\/div>\n<\/article><article class=\"eael-grid-post  eael-post-grid-column eael-pg-post-8230 category-articles-francais\" data-id=\"8230\">\n    <div class=\"eael-grid-post-holder\">\n        <div class=\"eael-grid-post-holder-inner\"><div class=\"eael-entry-wrapper\"><header class=\"eael-entry-header\"><div class=\"eael-entry-title\"><a class=\"eael-grid-post-link\" href=\"https:\/\/axanabellard.org\/en\/le-8-mars-marque-la-celebration-de-la-journee-internationale-des-droits-des-femmes\/\" title=\"Le 8 mars marque la c\u00e9l\u00e9bration de la Journ\u00e9e Internationale des Droits des Femmes\">Le 8 mars marque la c\u00e9l\u00e9bration de la Journ\u00e9e Internationale des Droits des Femmes<\/a><\/div><\/header><\/div><\/div>\n    <\/div>\n<\/article><article class=\"eael-grid-post  eael-post-grid-column eael-pg-post-8488\" data-id=\"8488\">\n    <div class=\"eael-grid-post-holder\">\n        <div class=\"eael-grid-post-holder-inner\"><div class=\"eael-entry-wrapper\"><header class=\"eael-entry-header\"><div class=\"eael-entry-title\"><a class=\"eael-grid-post-link\" href=\"https:\/\/axanabellard.org\/en\/a-la-memoire-du-poete-anthony-phelps\/\" title=\"A la m\u00e9moire du po\u00e8te Anthony\u00a0Phelps\">A la m\u00e9moire du po\u00e8te Anthony\u00a0Phelps<\/a><\/div><\/header><\/div><\/div>\n    <\/div>\n<\/article><article class=\"eael-grid-post  eael-post-grid-column eael-pg-post-9770\" data-id=\"9770\">\n    <div class=\"eael-grid-post-holder\">\n        <div class=\"eael-grid-post-holder-inner\"><div class=\"eael-entry-wrapper\"><header class=\"eael-entry-header\"><div class=\"eael-entry-title\"><a class=\"eael-grid-post-link\" href=\"https:\/\/axanabellard.org\/en\/haiti-guerre-contre-les-gangs\/\" title=\"HAITI : GUERRE CONTRE LES GANGS OU LUTTE CONTRE L\u2019INS\u00c9CURIT\u00c9 ?\">HAITI : GUERRE CONTRE LES GANGS OU LUTTE CONTRE L\u2019INS\u00c9CURIT\u00c9 ?<\/a><\/div><\/header><\/div><\/div>\n    <\/div>\n<\/article><article class=\"eael-grid-post  eael-post-grid-column eael-pg-post-10563\" data-id=\"10563\">\n    <div class=\"eael-grid-post-holder\">\n        <div class=\"eael-grid-post-holder-inner\"><div class=\"eael-entry-wrapper\"><header class=\"eael-entry-header\"><div class=\"eael-entry-title\"><a class=\"eael-grid-post-link\" href=\"https:\/\/axanabellard.org\/en\/haiti-la-violence-des-gangs-franchit-un-nouveau-seuil-de-barbarie-alerte-lonu\/\" title=\"Ha\u00efti : la violence des gangs franchit un nouveau seuil de barbarie, alerte l\u2019ONU\">Ha\u00efti : la violence des gangs franchit un nouveau seuil de barbarie, alerte l\u2019ONU<\/a><\/div><\/header><\/div><\/div>\n    <\/div>\n<\/article><article class=\"eael-grid-post  eael-post-grid-column eael-pg-post-10586\" data-id=\"10586\">\n    <div class=\"eael-grid-post-holder\">\n        <div class=\"eael-grid-post-holder-inner\"><div class=\"eael-entry-wrapper\"><header class=\"eael-entry-header\"><div class=\"eael-entry-title\"><a class=\"eael-grid-post-link\" href=\"https:\/\/axanabellard.org\/en\/crise-en-haiti-les-etats-unis-se-desengagent-la-communaute-internationale-sous-pression\/\" title=\"Crise en Ha\u00efti : les \u00c9tats-Unis se d\u00e9sengagent, la communaut\u00e9 internationale sous pression\">Crise en Ha\u00efti : les \u00c9tats-Unis se d\u00e9sengagent, la communaut\u00e9 internationale sous pression<\/a><\/div><\/header><\/div><\/div>\n    <\/div>\n<\/article><article class=\"eael-grid-post  eael-post-grid-column eael-pg-post-10591\" data-id=\"10591\">\n    <div class=\"eael-grid-post-holder\">\n        <div class=\"eael-grid-post-holder-inner\"><div class=\"eael-entry-wrapper\"><header class=\"eael-entry-header\"><div class=\"eael-entry-title\"><a class=\"eael-grid-post-link\" href=\"https:\/\/axanabellard.org\/en\/lonu-pointe-les-graves-defaillances-securitaires-lors-de-lattaque-de-kenscoff\/\" title=\"L\u2019ONU pointe les graves d\u00e9faillances s\u00e9curitaires lors de l\u2019attaque de Kenscoff\">L\u2019ONU pointe les graves d\u00e9faillances s\u00e9curitaires lors de l\u2019attaque de Kenscoff<\/a><\/div><\/header><\/div><\/div>\n    <\/div>\n<\/article><article class=\"eael-grid-post  eael-post-grid-column eael-pg-post-10604\" data-id=\"10604\">\n    <div class=\"eael-grid-post-holder\">\n        <div class=\"eael-grid-post-holder-inner\"><div class=\"eael-entry-wrapper\"><header class=\"eael-entry-header\"><div class=\"eael-entry-title\"><a class=\"eael-grid-post-link\" href=\"https:\/\/axanabellard.org\/en\/message-pour-la-fete-de-lagriculture-et-du-travail\/\" title=\"Message pour la F\u00eate de l&rsquo;Agriculture et du Travail\">Message pour la F\u00eate de l&rsquo;Agriculture et du Travail<\/a><\/div><\/header><\/div><\/div>\n    <\/div>\n<\/article><\/div>\n            <div class=\"clearfix\"><\/div>\n        <\/div>\t\t\t\t<\/div>\n\t\t\t\t<\/div>\n\t\t\t\t<\/div>\n\t\t\t\t<\/div>","protected":false},"excerpt":{"rendered":"<p>Le Cri De Ralliement Du 14 Ao\u00fbt 2021 Sa vision sur la crise actuelle Le 8 mars marque la c\u00e9l\u00e9bration de la Journ\u00e9e Internationale des Droits des Femmes A la m\u00e9moire du po\u00e8te Anthony\u00a0Phelps HAITI : GUERRE CONTRE LES GANGS OU LUTTE CONTRE L\u2019INS\u00c9CURIT\u00c9 ?<\/p>","protected":false},"author":1,"featured_media":0,"parent":0,"menu_order":0,"comment_status":"closed","ping_status":"closed","template":"","meta":{"give_campaign_id":0,"footnotes":""},"class_list":["post-4340","page","type-page","status-publish","hentry"],"yoast_head":"<!-- This site is optimized with the Yoast SEO plugin v27.4 - https:\/\/yoast.com\/product\/yoast-seo-wordpress\/ -->\n<title>Actualit\u00e9s - Axan Abellard<\/title>\n<meta name=\"robots\" content=\"index, follow, max-snippet:-1, max-image-preview:large, max-video-preview:-1\" \/>\n<link rel=\"canonical\" href=\"https:\/\/axanabellard.org\/en\/blog\/\" \/>\n<meta property=\"og:locale\" content=\"en_US\" \/>\n<meta property=\"og:type\" content=\"article\" \/>\n<meta property=\"og:title\" content=\"Actualit\u00e9s - Axan Abellard\" \/>\n<meta property=\"og:description\" content=\"Le Cri De Ralliement Du 14 Ao\u00fbt 2021 Sa vision sur la crise actuelle Le 8 mars marque la c\u00e9l\u00e9bration de la Journ\u00e9e Internationale des Droits des Femmes A la m\u00e9moire du po\u00e8te Anthony\u00a0Phelps HAITI : GUERRE CONTRE LES GANGS OU LUTTE CONTRE L\u2019INS\u00c9CURIT\u00c9 ?\" \/>\n<meta property=\"og:url\" content=\"https:\/\/axanabellard.org\/en\/blog\/\" \/>\n<meta property=\"og:site_name\" content=\"Axan Abellard\" \/>\n<meta property=\"article:publisher\" content=\"https:\/\/www.facebook.com\/share\/1BcfYNKqV4\/\" \/>\n<meta property=\"article:modified_time\" content=\"2025-03-26T08:16:29+00:00\" \/>\n<meta property=\"og:image\" content=\"https:\/\/axanabellard.org\/wp-content\/uploads\/2025\/03\/le-cri-1.jpg\" \/>\n\t<meta property=\"og:image:width\" content=\"1280\" \/>\n\t<meta property=\"og:image:height\" content=\"720\" \/>\n\t<meta property=\"og:image:type\" content=\"image\/jpeg\" \/>\n<meta name=\"twitter:card\" content=\"summary_large_image\" \/>\n<meta name=\"twitter:site\" content=\"@abellard_axan\" \/>\n<meta name=\"twitter:label1\" content=\"Est. reading time\" \/>\n\t<meta name=\"twitter:data1\" content=\"2 minutes\" \/>\n<script type=\"application\/ld+json\" class=\"yoast-schema-graph\">{\"@context\":\"https:\\\/\\\/schema.org\",\"@graph\":[{\"@type\":\"WebPage\",\"@id\":\"https:\\\/\\\/axanabellard.org\\\/blog\\\/\",\"url\":\"https:\\\/\\\/axanabellard.org\\\/blog\\\/\",\"name\":\"Actualit\u00e9s - Axan Abellard\",\"isPartOf\":{\"@id\":\"https:\\\/\\\/axanabellard.org\\\/#website\"},\"primaryImageOfPage\":{\"@id\":\"https:\\\/\\\/axanabellard.org\\\/blog\\\/#primaryimage\"},\"image\":{\"@id\":\"https:\\\/\\\/axanabellard.org\\\/blog\\\/#primaryimage\"},\"thumbnailUrl\":\"https:\\\/\\\/axanabellard.org\\\/wp-content\\\/uploads\\\/2025\\\/03\\\/le-cri-1-300x169.jpg\",\"datePublished\":\"2015-12-15T07:37:19+00:00\",\"dateModified\":\"2025-03-26T08:16:29+00:00\",\"breadcrumb\":{\"@id\":\"https:\\\/\\\/axanabellard.org\\\/blog\\\/#breadcrumb\"},\"inLanguage\":\"en-US\",\"potentialAction\":[{\"@type\":\"ReadAction\",\"target\":[\"https:\\\/\\\/axanabellard.org\\\/blog\\\/\"]}]},{\"@type\":\"ImageObject\",\"inLanguage\":\"en-US\",\"@id\":\"https:\\\/\\\/axanabellard.org\\\/blog\\\/#primaryimage\",\"url\":\"https:\\\/\\\/axanabellard.org\\\/wp-content\\\/uploads\\\/2025\\\/03\\\/le-cri-1-300x169.jpg\",\"contentUrl\":\"https:\\\/\\\/axanabellard.org\\\/wp-content\\\/uploads\\\/2025\\\/03\\\/le-cri-1-300x169.jpg\"},{\"@type\":\"BreadcrumbList\",\"@id\":\"https:\\\/\\\/axanabellard.org\\\/blog\\\/#breadcrumb\",\"itemListElement\":[{\"@type\":\"ListItem\",\"position\":1,\"name\":\"Home\",\"item\":\"https:\\\/\\\/axanabellard.org\\\/\"},{\"@type\":\"ListItem\",\"position\":2,\"name\":\"Actualit\u00e9s\"}]},{\"@type\":\"WebSite\",\"@id\":\"https:\\\/\\\/axanabellard.org\\\/#website\",\"url\":\"https:\\\/\\\/axanabellard.org\\\/\",\"name\":\"Axan Abellard\",\"description\":\"Cessons l&#039;anarchie aujoud&#039;hui me\u0302me\",\"publisher\":{\"@id\":\"https:\\\/\\\/axanabellard.org\\\/#organization\"},\"potentialAction\":[{\"@type\":\"SearchAction\",\"target\":{\"@type\":\"EntryPoint\",\"urlTemplate\":\"https:\\\/\\\/axanabellard.org\\\/?s={search_term_string}\"},\"query-input\":{\"@type\":\"PropertyValueSpecification\",\"valueRequired\":true,\"valueName\":\"search_term_string\"}}],\"inLanguage\":\"en-US\"},{\"@type\":\"Organization\",\"@id\":\"https:\\\/\\\/axanabellard.org\\\/#organization\",\"name\":\"Axan Abellard\",\"url\":\"https:\\\/\\\/axanabellard.org\\\/\",\"logo\":{\"@type\":\"ImageObject\",\"inLanguage\":\"en-US\",\"@id\":\"https:\\\/\\\/axanabellard.org\\\/#\\\/schema\\\/logo\\\/image\\\/\",\"url\":\"https:\\\/\\\/axanabellard.org\\\/wp-content\\\/uploads\\\/2025\\\/02\\\/WhatsApp-Image-2025-02-24-a-09.18.49_20267870.jpg\",\"contentUrl\":\"https:\\\/\\\/axanabellard.org\\\/wp-content\\\/uploads\\\/2025\\\/02\\\/WhatsApp-Image-2025-02-24-a-09.18.49_20267870.jpg\",\"width\":1280,\"height\":853,\"caption\":\"Axan Abellard\"},\"image\":{\"@id\":\"https:\\\/\\\/axanabellard.org\\\/#\\\/schema\\\/logo\\\/image\\\/\"},\"sameAs\":[\"https:\\\/\\\/www.facebook.com\\\/share\\\/1BcfYNKqV4\\\/\",\"https:\\\/\\\/x.com\\\/abellard_axan\"]}]}<\/script>\n<!-- \/ Yoast SEO plugin. -->","yoast_head_json":{"title":"Actualit\u00e9s - Axan Abellard","robots":{"index":"index","follow":"follow","max-snippet":"max-snippet:-1","max-image-preview":"max-image-preview:large","max-video-preview":"max-video-preview:-1"},"canonical":"https:\/\/axanabellard.org\/en\/blog\/","og_locale":"en_US","og_type":"article","og_title":"Actualit\u00e9s - Axan Abellard","og_description":"Le Cri De Ralliement Du 14 Ao\u00fbt 2021 Sa vision sur la crise actuelle Le 8 mars marque la c\u00e9l\u00e9bration de la Journ\u00e9e Internationale des Droits des Femmes A la m\u00e9moire du po\u00e8te Anthony\u00a0Phelps HAITI : GUERRE CONTRE LES GANGS OU LUTTE CONTRE L\u2019INS\u00c9CURIT\u00c9 ?","og_url":"https:\/\/axanabellard.org\/en\/blog\/","og_site_name":"Axan Abellard","article_publisher":"https:\/\/www.facebook.com\/share\/1BcfYNKqV4\/","article_modified_time":"2025-03-26T08:16:29+00:00","og_image":[{"width":1280,"height":720,"url":"https:\/\/axanabellard.org\/wp-content\/uploads\/2025\/03\/le-cri-1.jpg","type":"image\/jpeg"}],"twitter_card":"summary_large_image","twitter_site":"@abellard_axan","twitter_misc":{"Est. reading time":"2 minutes"},"schema":{"@context":"https:\/\/schema.org","@graph":[{"@type":"WebPage","@id":"https:\/\/axanabellard.org\/blog\/","url":"https:\/\/axanabellard.org\/blog\/","name":"Actualit\u00e9s - Axan Abellard","isPartOf":{"@id":"https:\/\/axanabellard.org\/#website"},"primaryImageOfPage":{"@id":"https:\/\/axanabellard.org\/blog\/#primaryimage"},"image":{"@id":"https:\/\/axanabellard.org\/blog\/#primaryimage"},"thumbnailUrl":"https:\/\/axanabellard.org\/wp-content\/uploads\/2025\/03\/le-cri-1-300x169.jpg","datePublished":"2015-12-15T07:37:19+00:00","dateModified":"2025-03-26T08:16:29+00:00","breadcrumb":{"@id":"https:\/\/axanabellard.org\/blog\/#breadcrumb"},"inLanguage":"en-US","potentialAction":[{"@type":"ReadAction","target":["https:\/\/axanabellard.org\/blog\/"]}]},{"@type":"ImageObject","inLanguage":"en-US","@id":"https:\/\/axanabellard.org\/blog\/#primaryimage","url":"https:\/\/axanabellard.org\/wp-content\/uploads\/2025\/03\/le-cri-1-300x169.jpg","contentUrl":"https:\/\/axanabellard.org\/wp-content\/uploads\/2025\/03\/le-cri-1-300x169.jpg"},{"@type":"BreadcrumbList","@id":"https:\/\/axanabellard.org\/blog\/#breadcrumb","itemListElement":[{"@type":"ListItem","position":1,"name":"Home","item":"https:\/\/axanabellard.org\/"},{"@type":"ListItem","position":2,"name":"Actualit\u00e9s"}]},{"@type":"WebSite","@id":"https:\/\/axanabellard.org\/#website","url":"https:\/\/axanabellard.org\/","name":"Axan Abellard","description":"Cessons l&#039;anarchie aujoud&#039;hui me\u0302me","publisher":{"@id":"https:\/\/axanabellard.org\/#organization"},"potentialAction":[{"@type":"SearchAction","target":{"@type":"EntryPoint","urlTemplate":"https:\/\/axanabellard.org\/?s={search_term_string}"},"query-input":{"@type":"PropertyValueSpecification","valueRequired":true,"valueName":"search_term_string"}}],"inLanguage":"en-US"},{"@type":"Organization","@id":"https:\/\/axanabellard.org\/#organization","name":"Axan Abellard","url":"https:\/\/axanabellard.org\/","logo":{"@type":"ImageObject","inLanguage":"en-US","@id":"https:\/\/axanabellard.org\/#\/schema\/logo\/image\/","url":"https:\/\/axanabellard.org\/wp-content\/uploads\/2025\/02\/WhatsApp-Image-2025-02-24-a-09.18.49_20267870.jpg","contentUrl":"https:\/\/axanabellard.org\/wp-content\/uploads\/2025\/02\/WhatsApp-Image-2025-02-24-a-09.18.49_20267870.jpg","width":1280,"height":853,"caption":"Axan Abellard"},"image":{"@id":"https:\/\/axanabellard.org\/#\/schema\/logo\/image\/"},"sameAs":["https:\/\/www.facebook.com\/share\/1BcfYNKqV4\/","https:\/\/x.com\/abellard_axan"]}]}},"campaignId":"","_links":{"self":[{"href":"https:\/\/axanabellard.org\/en\/wp-json\/wp\/v2\/pages\/4340","targetHints":{"allow":["GET"]}}],"collection":[{"href":"https:\/\/axanabellard.org\/en\/wp-json\/wp\/v2\/pages"}],"about":[{"href":"https:\/\/axanabellard.org\/en\/wp-json\/wp\/v2\/types\/page"}],"author":[{"embeddable":true,"href":"https:\/\/axanabellard.org\/en\/wp-json\/wp\/v2\/users\/1"}],"replies":[{"embeddable":true,"href":"https:\/\/axanabellard.org\/en\/wp-json\/wp\/v2\/comments?post=4340"}],"version-history":[{"count":29,"href":"https:\/\/axanabellard.org\/en\/wp-json\/wp\/v2\/pages\/4340\/revisions"}],"predecessor-version":[{"id":10205,"href":"https:\/\/axanabellard.org\/en\/wp-json\/wp\/v2\/pages\/4340\/revisions\/10205"}],"wp:attachment":[{"href":"https:\/\/axanabellard.org\/en\/wp-json\/wp\/v2\/media?parent=4340"}],"curies":[{"name":"wp","href":"https:\/\/api.w.org\/{rel}","templated":true}]}}